{"id":4651,"date":"2024-07-26T11:05:41","date_gmt":"2024-07-26T09:05:41","guid":{"rendered":"https:\/\/tunisie.diplomatie.gov.bf\/?page_id=4651"},"modified":"2024-10-04T12:07:19","modified_gmt":"2024-10-04T10:07:19","slug":"informations","status":"publish","type":"page","link":"https:\/\/tunisie.diplomatie.gov.bf\/index.php\/informations\/","title":{"rendered":"Informations"},"content":{"rendered":"\t\t<div data-elementor-type=\"wp-page\" data-elementor-id=\"4651\" class=\"elementor elementor-4651\" data-elementor-post-type=\"page\">\n\t\t\t\t<div data-particle_enable=\"false\" data-particle-mobile-disabled=\"false\" class=\"elementor-element elementor-element-74e3b7d e-flex e-con-boxed e-con e-parent\" data-id=\"74e3b7d\" data-element_type=\"container\" data-e-type=\"container\">\n\t\t\t\t\t<div class=\"e-con-inner\">\n\t\t\t\t<div class=\"elementor-element elementor-element-fa8b9c7 elementor-widget elementor-widget-text-editor\" data-id=\"fa8b9c7\" data-element_type=\"widget\" data-e-type=\"widget\" data-widget_type=\"text-editor.default\">\n\t\t\t\t<div class=\"elementor-widget-container\">\n\t\t\t\t\t\t\t\t\t<p><strong><em><u>Date d\u2019\u00e9tablissement des relations diplomatiques : <\/u><\/em><\/strong>L\u2019\u00e9tablissement des relations diplomatiques entre le Burkina Faso et la R\u00e9publique Tunisienne remonte en 1964.<\/p><p><strong><em><u>Repr\u00e9sentations Diplomatiques (Ambassade, Consulat G\u00e9n\u00e9ral et Consulat Honoraire) : <\/u><\/em><\/strong>Le Burkina Faso a une ambassade \u00e0 Tunis dont l\u2019ouverture a \u00e9t\u00e9 consacr\u00e9 par le d\u00e9cret n\u00b02005-173\/PRES\/PM\/MFB\/MAECR de la 23\/03\/2005 portante ouverture d\u2019une Ambassade du Burkina Faso \u00e0 Tunis, R\u00e9publique Tunisienne. L\u2019ouverture effective de l\u2019Ambassade a eu lieu en 2006 avec la prise de service le 11 mars 2006 du Charg\u00e9 d\u2019Affaires assurant l\u2019int\u00e9rim, PALE Thomas, Ministre Pl\u00e9nipotentiaire, nomm\u00e9 Ministre Conseiller suivant le d\u00e9cret n\u00b02005-405\/PRES\/PM\/MFB\/MAECR du 22\/07\/2005.<\/p><p>Le premier Ambassadeur qui a pris service le 07 juillet 2008 est Son Excellence Madame Pauline HIEN WINKOUN, nomm\u00e9e Ambassadeur Extraordinaire et Pl\u00e9nipotentiaire du Burkina Faso aupr\u00e8s de la R\u00e9publique Tunisienne suivant le d\u00e9cret n\u00b02008-269\/PRES\/PM\/MAECR du 14\/05\/2008.<\/p><p>La R\u00e9publique Tunisienne a une Ambassade \u00e0 Ouagadougou.<\/p><p><u>NB<\/u>\u00a0: Le Burkina Faso ne dispose pas de consulat honoraire en Tunisie.<\/p><p><strong><em><u>Ambassadeurs en poste (date de pr\u00e9sentation des lettres de cr\u00e9ance) : <\/u><\/em><\/strong>L\u2019Ambassade du Burkina Faso \u00e0 Tunis est actuellement dirig\u00e9e par <strong>Hamidou GADIAGA, <\/strong>Deuxi\u00e8me Secr\u00e9taire<strong>, en qualit\u00e9 de Charg\u00e9 d\u2019Affaires assurant l\u2019int\u00e9rim<\/strong>. Depuis le 1<sup>er<\/sup> janvier 2024<strong>.<\/strong><\/p><p>L\u2019actuel Ambassadeur de la R\u00e9publique Tunisienne \u00e0 Ouagadougou, <strong>SEM Mounir JOMNI<\/strong>, est arriv\u00e9 au Burkina Faso le 19 novembre 2023.<\/p><p><strong><em><u>Donn\u00e9es sur les diasporas respectives : <\/u><\/em><\/strong>Les Burkinab\u00e8 vivant en Tunisie sont estim\u00e9s \u00e0 5 000 compatriotes. Ils comprennent les burkinab\u00e9 r\u00e9guli\u00e8rement \u00e9tablis en Tunisie compos\u00e9s essentiellement des \u00e9tudiants et stagiaires en majorit\u00e9, les fonctionnaires internationaux et quelques rares \u00e9voluant \u00e0 leurs propres comptes et ceux en transit, les plus nombreux que sont les migrants.<\/p>\t\t\t\t\t\t\t\t<\/div>\n\t\t\t\t<\/div>\n\t\t\t\t\t<\/div>\n\t\t\t\t<\/div>\n\t\t\t\t<\/div>\n\t\t","protected":false},"excerpt":{"rendered":"<p>Date d\u2019\u00e9tablissement des relations diplomatiques : L\u2019\u00e9tablissement des relations diplomatiques entre le Burkina Faso et la R\u00e9publique Tunisienne remonte en 1964. Repr\u00e9sentations Diplomatiques (Ambassade, Consulat G\u00e9n\u00e9ral et Consulat Honoraire) : Le Burkina Faso a une ambassade \u00e0 Tunis dont l\u2019ouverture a \u00e9t\u00e9 consacr\u00e9 par le d\u00e9cret n\u00b02005-173\/PRES\/PM\/MFB\/MAECR de la 23\/03\/2005 portante ouverture d\u2019une Ambassade du [&hellip;]<\/p>\n","protected":false},"author":9,"featured_media":0,"parent":0,"menu_order":0,"comment_status":"closed","ping_status":"closed","template":"elementor_header_footer","meta":{"_acf_changed":false,"_monsterinsights_skip_tracking":false,"_monsterinsights_sitenote_active":false,"_monsterinsights_sitenote_note":"","_monsterinsights_sitenote_category":0,"footnotes":""},"class_list":["post-4651","page","type-page","status-publish","hentry"],"acf":[],"_links":{"self":[{"href":"https:\/\/tunisie.diplomatie.gov.bf\/index.php\/wp-json\/wp\/v2\/pages\/4651","targetHints":{"allow":["GET"]}}],"collection":[{"href":"https:\/\/tunisie.diplomatie.gov.bf\/index.php\/wp-json\/wp\/v2\/pages"}],"about":[{"href":"https:\/\/tunisie.diplomatie.gov.bf\/index.php\/wp-json\/wp\/v2\/types\/page"}],"author":[{"embeddable":true,"href":"https:\/\/tunisie.diplomatie.gov.bf\/index.php\/wp-json\/wp\/v2\/users\/9"}],"replies":[{"embeddable":true,"href":"https:\/\/tunisie.diplomatie.gov.bf\/index.php\/wp-json\/wp\/v2\/comments?post=4651"}],"version-history":[{"count":7,"href":"https:\/\/tunisie.diplomatie.gov.bf\/index.php\/wp-json\/wp\/v2\/pages\/4651\/revisions"}],"predecessor-version":[{"id":5085,"href":"https:\/\/tunisie.diplomatie.gov.bf\/index.php\/wp-json\/wp\/v2\/pages\/4651\/revisions\/5085"}],"wp:attachment":[{"href":"https:\/\/tunisie.diplomatie.gov.bf\/index.php\/wp-json\/wp\/v2\/media?parent=4651"}],"curies":[{"name":"wp","href":"https:\/\/api.w.org\/{rel}","templated":true}]}}