{"id":3081,"date":"2024-06-25T17:38:58","date_gmt":"2024-06-25T15:38:58","guid":{"rendered":"https:\/\/tunisie.diplomatie.gov.bf\/?page_id=3081"},"modified":"2024-10-04T12:13:01","modified_gmt":"2024-10-04T10:13:01","slug":"cooperation-bilaterale","status":"publish","type":"page","link":"https:\/\/tunisie.diplomatie.gov.bf\/index.php\/cooperation-bilaterale\/","title":{"rendered":"Coop\u00e9ration bilat\u00e9rale"},"content":{"rendered":"\t\t<div data-elementor-type=\"wp-page\" data-elementor-id=\"3081\" class=\"elementor elementor-3081\" data-elementor-post-type=\"page\">\n\t\t\t\t\t\t<section data-particle_enable=\"false\" data-particle-mobile-disabled=\"false\" class=\"elementor-section elementor-top-section elementor-element elementor-element-5be9735 elementor-section-content-middle elementor-section-boxed elementor-section-height-default elementor-section-height-default\" data-id=\"5be9735\" data-element_type=\"section\" data-e-type=\"section\">\n\t\t\t\t\t\t<div class=\"elementor-container elementor-column-gap-default\">\n\t\t\t\t\t<div class=\"elementor-column elementor-col-33 elementor-top-column elementor-element elementor-element-53bba94\" data-id=\"53bba94\" data-element_type=\"column\" data-e-type=\"column\">\n\t\t\t<div class=\"elementor-widget-wrap elementor-element-populated\">\n\t\t\t\t\t\t<div class=\"elementor-element elementor-element-4a69eb6 elementor-widget elementor-widget-image\" data-id=\"4a69eb6\" data-element_type=\"widget\" data-e-type=\"widget\" data-widget_type=\"image.default\">\n\t\t\t\t<div class=\"elementor-widget-container\">\n\t\t\t\t\t\t\t\t\t\t\t\t\t\t\t<img fetchpriority=\"high\" decoding=\"async\" width=\"640\" height=\"427\" src=\"https:\/\/tunisie.diplomatie.gov.bf\/wp-content\/uploads\/sites\/28\/2024\/06\/Flag_of_Burkina_Faso.png\" class=\"attachment-large size-large wp-image-3861\" alt=\"\" \/>\t\t\t\t\t\t\t\t\t\t\t\t\t\t\t<\/div>\n\t\t\t\t<\/div>\n\t\t\t\t\t<\/div>\n\t\t<\/div>\n\t\t\t\t<div class=\"elementor-column elementor-col-33 elementor-top-column elementor-element elementor-element-a3f2d55\" data-id=\"a3f2d55\" data-element_type=\"column\" data-e-type=\"column\">\n\t\t\t<div class=\"elementor-widget-wrap elementor-element-populated\">\n\t\t\t\t\t\t<section data-particle_enable=\"false\" data-particle-mobile-disabled=\"false\" class=\"elementor-section elementor-inner-section elementor-element elementor-element-128b53c elementor-section-boxed elementor-section-height-default elementor-section-height-default\" data-id=\"128b53c\" data-element_type=\"section\" data-e-type=\"section\">\n\t\t\t\t\t\t<div class=\"elementor-container elementor-column-gap-default\">\n\t\t\t\t\t<div class=\"elementor-column elementor-col-100 elementor-inner-column elementor-element elementor-element-9944a25\" data-id=\"9944a25\" data-element_type=\"column\" data-e-type=\"column\">\n\t\t\t<div class=\"elementor-widget-wrap elementor-element-populated\">\n\t\t\t\t\t\t<div class=\"elementor-element elementor-element-de065ea elementor-widget elementor-widget-text-editor\" data-id=\"de065ea\" data-element_type=\"widget\" data-e-type=\"widget\" data-widget_type=\"text-editor.default\">\n\t\t\t\t<div class=\"elementor-widget-container\">\n\t\t\t\t\t\t\t\t\t<p><strong><em><u>Domaines de coop\u00e9ration <br \/><\/u><\/em><\/strong><\/p><p>La coop\u00e9ration entre le Burkina Faso et la R\u00e9publique Tunisienne couvre plusieurs domaines dont politique et diplomatique, l\u2019\u00e9ducation, l\u2019enseignement sup\u00e9rieur, la formation technique et professionnelle, la sant\u00e9, l\u2019environnement, l\u2019\u00e9nergie, les transports, le commerce et l\u2019industrie, la d\u00e9fense et la s\u00e9curit\u00e9. On peut les regrouper comme ci-apr\u00e8s<\/p><p><strong>Au plan politique et diplomatique<\/strong>, on peut citer l\u2019\u00e9change de correspondances officielles, la tenue de plusieurs sessions de la commission mixte Burkina Faso \u2013 Tunisie \u00e0 Ouagadougou et \u00e0 Tunis. Les relations de coop\u00e9ration entre les deux Etats sont excellentes.<\/p><p><strong>Au plan culturel et \u00e9ducatif<\/strong>, nous avons les \u00e9changes entre les acteurs du syst\u00e8me \u00e9ducatif du Burkina Faso et leurs homologues de la Tunisie, \u00e9galement entre les acteurs culturels des deux Etats. Au plan acad\u00e9mique et de la formation professionnelle et technique, la Tunisie accueille dans ses universit\u00e9s des \u00e9tudiants burkinab\u00e8 boursiers et non boursiers, mais aussi des stagiaires burkinab\u00e9 dans diff\u00e9rents centres de formation et diff\u00e9rents m\u00e9tiers depuis plusieurs ann\u00e9es.<\/p><p><strong>Au plan Sanitaire<\/strong>\u00a0: Outre les \u00e9vacuations sanitaires \u00e9tatiques et des organismes de protection sociale du Burkina Faso, la Tunisie re\u00e7oit r\u00e9guli\u00e8rement des m\u00e9decins burkinab\u00e8 pour leurs stages de sp\u00e9cialisation.<\/p><p><strong>Au plan de la d\u00e9fense et la s\u00e9curit\u00e9<\/strong>\u00a0: Des militaires burkinab\u00e8 re\u00e7oivent des formations dans plusieurs domaines. Cette coop\u00e9ration s\u2019est renforc\u00e9e avec l\u2019ouverture et l\u2019op\u00e9rationnalisation d\u2019une Mission militaire depuis 2020.<\/p><p><strong>Au plan \u00e9conomique<\/strong>\u00a0: On peut noter les \u00e9changes commerciaux entre acteurs \u00e9conomiques priv\u00e9s des deux pays et des projets d\u2019accords de coop\u00e9ration entre les chambres de commerce et d\u2019industrie \u00e0 l\u2019occasion de la derni\u00e8re session de la commission mixte Burkina Faso \u2013 Tunisie.<\/p><p><strong><em><u>Accords sign\u00e9s<\/u><\/em><\/strong><strong><em><u> <br \/><\/u><\/em><\/strong><\/p><p>Au titre du bilan des deux derni\u00e8res commissions mixtes de coop\u00e9ration Burkina Faso &#8211; Tunisie (7<sup>\u00e8me<\/sup> et 8<sup>\u00e8me<\/sup> sessions), il ressort que dix neuf (19) accords ont \u00e9t\u00e9 sign\u00e9s dans plusieurs domaines.<\/p><p><strong><em><u>Accords en n\u00e9gociation : <\/u><\/em><\/strong>Il ressort du proc\u00e8s-verbal de la de la commission mixte de coop\u00e9ration Burkina Faso &#8211; Tunisie que huit (8) Accords dans cinq (5) domaines sont finalis\u00e9s. Nous pouvons noter \u00e9galement que les deux Etats ont finalis\u00e9 deux projets d\u2019Accords de Coop\u00e9ration entre les chambres de commerce et d\u2019industrie du Burkina Faso et de Tunisie.<\/p><p><strong><em><u>Commissions mixtes<\/u><\/em><\/strong><strong><em><u>\u00a0<\/u><\/em><\/strong><\/p><p>Depuis l\u2019\u00e9tablissement des relations diplomatiques entre le Burkina Faso et la R\u00e9publique Tunisienne, huit (8) sessions de la Commission Mixte de Coop\u00e9ration se sont tenues. La derni\u00e8re s\u2019est tenue \u00e0 Ouagadougou les 1<sup>ers<\/sup> et 02 juillet 2024.<\/p><p>La 9<sup>\u00e8me<\/sup> session de la Commission Mixte de Coop\u00e9ration entre le Burkina Faso et la R\u00e9publique Tunisienne est pr\u00e9vue en 2026 \u00e0 Tunis \u00e0 une date qui sera fix\u00e9e de commun accord par voie diplomatique.<\/p>\t\t\t\t\t\t\t\t<\/div>\n\t\t\t\t<\/div>\n\t\t\t\t<div class=\"elementor-element elementor-element-35411af eael-divider-center elementor-widget elementor-widget-eael-divider\" data-id=\"35411af\" data-element_type=\"widget\" data-e-type=\"widget\" data-widget_type=\"eael-divider.default\">\n\t\t\t\t<div class=\"elementor-widget-container\">\n\t\t\t\t\t\t\t<div class=\"eael-divider-wrap divider-direction-horizontal\">\n\t\t\t\t\t\t\t<div class=\"divider-text-container\">\n\t\t\t\t\t<div class=\"divider-text-wrap\">\n\t\t\t\t\t\t\t\t\t\t\t\t\t<span class=\"divider-border-wrap divider-border-left\">\n\t\t\t\t\t\t\t\t<span class=\"divider-border\"><\/span>\n\t\t\t\t\t\t\t<\/span>\n\t\t\t\t\t\t\t\t\t\t\t\t<span class=\"eael-divider-content\">\n\t\t\t\t\t\t\t\t\t\t\t\t\t\t\t<span class=\"eael-divider-icon\">\n\t\t\t\t\t\t\t\t\t\t\t\t\t\t\t\t\t\t\t<svg aria-hidden=\"false\" class=\"e-font-icon-svg e-fas-star\" viewBox=\"0 0 576 512\" xmlns=\"http:\/\/www.w3.org\/2000\/svg\"><path d=\"M259.3 17.8L194 150.2 47.9 171.5c-26.2 3.8-36.7 36.1-17.7 54.6l105.7 103-25 145.5c-4.5 26.3 23.2 46 46.4 33.7L288 439.6l130.7 68.7c23.2 12.2 50.9-7.4 46.4-33.7l-25-145.5 105.7-103c19-18.5 8.5-50.8-17.7-54.6L382 150.2 316.7 17.8c-11.7-23.6-45.6-23.9-57.4 0z\"><\/path><\/svg>\t\t\t\t\t\t\t\t\t\t\t\t\t\t\t\t\t<\/span>\n\t\t\t\t\t\t\t\t\t\t\t\t\t<\/span>\n\t\t\t\t\t\t\t\t\t\t\t\t\t<span class=\"divider-border-wrap divider-border-right\">\n\t\t\t\t\t\t\t\t<span class=\"divider-border\"><\/span>\n\t\t\t\t\t\t\t<\/span>\n\t\t\t\t\t\t\t\t\t\t\t<\/div>\n\t\t\t\t<\/div>\n\t\t\t\t\t<\/div>\n\t\t\t\t<\/div>\n\t\t\t\t<\/div>\n\t\t\t\t\t<\/div>\n\t\t<\/div>\n\t\t\t\t\t<\/div>\n\t\t<\/section>\n\t\t\t\t\t<\/div>\n\t\t<\/div>\n\t\t\t\t<div class=\"elementor-column elementor-col-33 elementor-top-column elementor-element elementor-element-f913597\" data-id=\"f913597\" data-element_type=\"column\" data-e-type=\"column\">\n\t\t\t<div class=\"elementor-widget-wrap elementor-element-populated\">\n\t\t\t\t\t\t<div class=\"elementor-element elementor-element-b42947b elementor-widget elementor-widget-image\" data-id=\"b42947b\" data-element_type=\"widget\" data-e-type=\"widget\" data-widget_type=\"image.default\">\n\t\t\t\t<div class=\"elementor-widget-container\">\n\t\t\t\t\t\t\t\t\t\t\t\t\t\t\t<img fetchpriority=\"high\" decoding=\"async\" width=\"640\" height=\"427\" src=\"https:\/\/tunisie.diplomatie.gov.bf\/wp-content\/uploads\/sites\/28\/2024\/06\/Flag_of_Burkina_Faso.png\" class=\"attachment-large size-large wp-image-3861\" alt=\"\" \/>\t\t\t\t\t\t\t\t\t\t\t\t\t\t\t<\/div>\n\t\t\t\t<\/div>\n\t\t\t\t\t<\/div>\n\t\t<\/div>\n\t\t\t\t\t<\/div>\n\t\t<\/section>\n\t\t\t\t<\/div>\n\t\t","protected":false},"excerpt":{"rendered":"<p>\/*! elementor &#8211; v3.23.0 &#8211; 05-08-2024 *\/ .elementor-widget-image{text-align:center}.elementor-widget-image a{display:inline-block}.elementor-widget-image a img[src$=\u00a0\u00bb.svg\u00a0\u00bb]{width:48px}.elementor-widget-image img{vertical-align:middle;display:inline-block} Domaines de coop\u00e9ration La coop\u00e9ration entre le Burkina Faso et la R\u00e9publique Tunisienne couvre plusieurs domaines dont politique et diplomatique, l\u2019\u00e9ducation, l\u2019enseignement sup\u00e9rieur, la formation technique et professionnelle, la sant\u00e9, l\u2019environnement, l\u2019\u00e9nergie, les transports, le commerce et l\u2019industrie, la d\u00e9fense et la s\u00e9curit\u00e9. [&hellip;]<\/p>\n","protected":false},"author":4,"featured_media":0,"parent":0,"menu_order":0,"comment_status":"closed","ping_status":"closed","template":"elementor_header_footer","meta":{"_acf_changed":false,"_monsterinsights_skip_tracking":false,"_monsterinsights_sitenote_active":false,"_monsterinsights_sitenote_note":"","_monsterinsights_sitenote_category":0,"footnotes":""},"class_list":["post-3081","page","type-page","status-publish","hentry"],"acf":[],"_links":{"self":[{"href":"https:\/\/tunisie.diplomatie.gov.bf\/index.php\/wp-json\/wp\/v2\/pages\/3081","targetHints":{"allow":["GET"]}}],"collection":[{"href":"https:\/\/tunisie.diplomatie.gov.bf\/index.php\/wp-json\/wp\/v2\/pages"}],"about":[{"href":"https:\/\/tunisie.diplomatie.gov.bf\/index.php\/wp-json\/wp\/v2\/types\/page"}],"author":[{"embeddable":true,"href":"https:\/\/tunisie.diplomatie.gov.bf\/index.php\/wp-json\/wp\/v2\/users\/4"}],"replies":[{"embeddable":true,"href":"https:\/\/tunisie.diplomatie.gov.bf\/index.php\/wp-json\/wp\/v2\/comments?post=3081"}],"version-history":[{"count":46,"href":"https:\/\/tunisie.diplomatie.gov.bf\/index.php\/wp-json\/wp\/v2\/pages\/3081\/revisions"}],"predecessor-version":[{"id":5094,"href":"https:\/\/tunisie.diplomatie.gov.bf\/index.php\/wp-json\/wp\/v2\/pages\/3081\/revisions\/5094"}],"wp:attachment":[{"href":"https:\/\/tunisie.diplomatie.gov.bf\/index.php\/wp-json\/wp\/v2\/media?parent=3081"}],"curies":[{"name":"wp","href":"https:\/\/api.w.org\/{rel}","templated":true}]}}